{"id":1335,"date":"2022-10-14T14:29:20","date_gmt":"2022-10-14T07:29:20","guid":{"rendered":"https:\/\/vothanhthan.com\/?page_id=1335"},"modified":"2026-03-24T10:03:40","modified_gmt":"2026-03-24T03:03:40","slug":"tin-tuc","status":"publish","type":"page","link":"https:\/\/vothanhthan.com\/vi\/tin-tuc\/","title":{"rendered":"Tin t\u1ee9c"},"content":{"rendered":"\r\n<p>Link:<\/p>\r\n\r\n\r\n\r\n<p><a href=\"https:\/\/bazaarvietnam.vn\/trien-lam-mong-anh-dau-an-qua-khu-trong-ky-uc-cua-hoa-si-vo-thanh-than\/\">Tri\u1ec3n l\u00e3m M\u1ed9ng \u1ea2nh: D\u1ea5u \u1ea5n qu\u00e1 kh\u1ee9 trong k\u00fd \u1ee9c c\u1ee7a h\u1ecda s\u0129 V\u00f5 Th\u00e0nh Th\u00e2n<\/a><\/p>\r\n<p><a href=\"https:\/\/quangsanartmuseum.com.vn\/su-kien-trien-lam\/trien-lam-mong-anh-3011-15122024\">https:\/\/quangsanartmuseum.com.vn\/su-kien-trien-lam\/trien-lam-mong-anh-3011-15122024<\/a><\/p>\r\n<p><a href=\"https:\/\/vietnamnet.vn\/hoa-si-ke-chuyen-bao-ton-di-san-van-hoa-hue-qua-tranh-2347297.html\">https:\/\/vietnamnet.vn\/hoa-si-ke-chuyen-bao-ton-di-san-van-hoa-hue-qua-tranh-2347297.html<\/a><\/p>\r\n<p><a href=\"https:\/\/www.htv.com.vn\/khai-mac-trien-lam-nhiet-noi-hoi-tu-nhiet-huyet-tuoi-tre\">https:\/\/www.htv.com.vn\/khai-mac-trien-lam-nhiet-noi-hoi-tu-nhiet-huyet-tuoi-tre<\/a><\/p>\r\n<p>\r\n\r\n<\/p>\r\n<p><a href=\"https:\/\/vnexpress.net\/loat-tranh-da-chat-lieu-tai-trien-lam-nhiet-4720161.html?gidzl=L3KmQY8zP3nMA35a9oDcEbCWCsKzVMOx62HcDpedDZmRVJ5hE79ZPajuOpayS6HlJ7WvD3P0EsHl9ZfaCG\">https:\/\/vnexpress.net\/loat-tranh-da-chat-lieu-tai-trien-lam-nhiet-4720161.html?gidzl=L3KmQY8zP3nMA35a9oDcEbCWCsKzVMOx62HcDpedDZmRVJ5hE79ZPajuOpayS6HlJ7WvD3P0EsHl9ZfaCG<\/a><\/p>\r\n<p>\r\n\r\n<\/p>\r\n<p><a href=\"https:\/\/daibieunhandan.vn\/van-hoa\/trien-lam-nhiet-ra-mat-khong-gian-nghe-thuat-qs-i361858\/\">https:\/\/daibieunhandan.vn\/van-hoa\/trien-lam-nhiet-ra-mat-khong-gian-nghe-thuat-qs-i361858\/<\/a><\/p>\r\n<p><a href=\"https:\/\/tapchimythuat.vn\/thong-tin-su-kien\/cuoc-thi-va-trien-lam-my-thuat-viet-nam-2023\/\">https:\/\/tapchimythuat.vn\/thong-tin-su-kien\/cuoc-thi-va-trien-lam-my-thuat-viet-nam-2023\/<\/a><\/p>\r\n<p>\r\n\r\n<\/p>\r\n<p><a href=\"https:\/\/hanoimoi.vn\/trien-lam-my-thuat-viet-nam-nam-2023-tai-bao-tang-ha-noi-651198.html\">https:\/\/hanoimoi.vn\/trien-lam-my-thuat-viet-nam-nam-2023-tai-bao-tang-ha-noi-651198.html<\/a><\/p>\r\n<p><a href=\"https:\/\/luxuo.vn\/culture\/hoa-si-vo-thanh-than-am-anh-khon-nguoi-trong-dong-giay-vo-nhau-nat.html\">https:\/\/luxuo.vn\/culture\/hoa-si-vo-thanh-than-am-anh-khon-nguoi-trong-dong-giay-vo-nhau-nat.html<\/a><\/p>\r\n<p>\r\n\r\n<\/p>\r\n<p><a href=\"https:\/\/vietnamnet.vn\/91-tac-pham-trung-bay-tai-festival-my-thuat-tre-2020-661708.html\">https:\/\/vietnamnet.vn\/91-tac-pham-trung-bay-tai-festival-my-thuat-tre-2020-661708.html<\/a><\/p>\r\n<p>\r\n\r\n<\/p>\r\n<p><a href=\"https:\/\/baotintuc.vn\/doi-song-van-hoa\/trao-giai-thuong-festival-my-thuat-tre-2020-20200728200334899.htm\">https:\/\/baotintuc.vn\/doi-song-van-hoa\/trao-giai-thuong-festival-my-thuat-tre-2020-20200728200334899.htm<\/a><\/p>\r\n<p>\r\n\r\n<\/p>\r\n<p><a href=\"http:\/\/ape.gov.vn\/khai-mac-festival-my-thuat-tre-2020-d2282.th\">http:\/\/ape.gov.vn\/khai-mac-festival-my-thuat-tre-2020-d2282.th<\/a><\/p>\r\n<p>\r\n\r\n<\/p>\r\n<p><a href=\"https:\/\/toquoc.vn\/ton-vinh-tai-nang-sang-tao-nghe-thuat-cua-cac-nghe-si-tre-99206804.htm\">https:\/\/toquoc.vn\/ton-vinh-tai-nang-sang-tao-nghe-thuat-cua-cac-nghe-si-tre-99206804.htm<\/a><\/p>\r\n<p>\r\n\r\n<\/p>\r\n<p><a href=\"https:\/\/dangcongsan.vn\/anh\/festival-my-thuat-tre-2017--tu-duy-sang-tao-goc-nhin-moi-462814.html\">https:\/\/dangcongsan.vn\/anh\/festival-my-thuat-tre-2017&#8211;tu-duy-sang-tao-goc-nhin-moi-462814.html<\/a><\/p>\r\n<p>\r\n\r\n<\/p>\r\n<p><a href=\"http:\/\/sovhtt.hanoi.gov.vn\/khai-mac-festival-thuat-tre-2017\/\">http:\/\/sovhtt.hanoi.gov.vn\/khai-mac-festival-thuat-tre-2017\/<\/a><\/p>\r\n<p>\r\n\r\n<\/p>\r\n<p><a href=\"https:\/\/tuoitre.vn\/9-hoa-si-mien-trung-mang-gio-lao-vo-sai-gon-1309929.htm\">https:\/\/tuoitre.vn\/9-hoa-si-mien-trung-mang-gio-lao-vo-sai-gon-1309929.htm<\/a><\/p>\r\n<p>\r\n\r\n<\/p>\r\n<p><a href=\"https:\/\/en.vietnamplus.vn\/hue-artist-wins-dogma-prize\/80121.vnp\">https:\/\/en.vietnamplus.vn\/hue-artist-wins-dogma-prize\/80121.vnp<\/a><\/p>\r\n<p>\r\n\r\n<\/p>\r\n<p><a href=\"https:\/\/hanoigrapevine.com\/vi\/2015\/08\/exhibition-the-dogma-prize-in-self-portraiture-2015\/\">https:\/\/hanoigrapevine.com\/vi\/2015\/08\/exhibition-the-dogma-prize-in-self-portraiture-2015\/<\/a><\/p>\r\n<p>\r\n\r\n<\/p>\r\n<p><a href=\"http:\/\/www.dogmaprize.com\/previousdogmaprizes\">http:\/\/www.dogmaprize.com\/previousdogmaprizes<\/a><\/p>\r\n","protected":false},"excerpt":{"rendered":"<p>Link: Tri\u1ec3n l\u00e3m M\u1ed9ng \u1ea2nh: D\u1ea5u \u1ea5n qu\u00e1 kh\u1ee9 trong k\u00fd \u1ee9c c\u1ee7a h\u1ecda s\u0129 V\u00f5 Th\u00e0nh Th\u00e2n https:\/\/quangsanartmuseum.com.vn\/su-kien-trien-lam\/trien-lam-mong-anh-3011-15122024 https:\/\/vietnamnet.vn\/hoa-si-ke-chuyen-bao-ton-di-san-van-hoa-hue-qua-tranh-2347297.html https:\/\/www.htv.com.vn\/khai-mac-trien-lam-nhiet-noi-hoi-tu-nhiet-huyet-tuoi-tre https:\/\/vnexpress.net\/loat-tranh-da-chat-lieu-tai-trien-lam-nhiet-4720161.html?gidzl=L3KmQY8zP3nMA35a9oDcEbCWCsKzVMOx62HcDpedDZmRVJ5hE79ZPajuOpayS6HlJ7WvD3P0EsHl9ZfaCG https:\/\/daibieunhandan.vn\/van-hoa\/trien-lam-nhiet-ra-mat-khong-gian-nghe-thuat-qs-i361858\/ https:\/\/tapchimythuat.vn\/thong-tin-su-kien\/cuoc-thi-va-trien-lam-my-thuat-viet-nam-2023\/ https:\/\/hanoimoi.vn\/trien-lam-my-thuat-viet-nam-nam-2023-tai-bao-tang-ha-noi-651198.html https:\/\/luxuo.vn\/culture\/hoa-si-vo-thanh-than-am-anh-khon-nguoi-trong-dong-giay-vo-nhau-nat.html https:\/\/vietnamnet.vn\/91-tac-pham-trung-bay-tai-festival-my-thuat-tre-2020-661708.html https:\/\/baotintuc.vn\/doi-song-van-hoa\/trao-giai-thuong-festival-my-thuat-tre-2020-20200728200334899.htm http:\/\/ape.gov.vn\/khai-mac-festival-my-thuat-tre-2020-d2282.th https:\/\/toquoc.vn\/ton-vinh-tai-nang-sang-tao-nghe-thuat-cua-cac-nghe-si-tre-99206804.htm https:\/\/dangcongsan.vn\/anh\/festival-my-thuat-tre-2017&#8211;tu-duy-sang-tao-goc-nhin-moi-462814.html http:\/\/sovhtt.hanoi.gov.vn\/khai-mac-festival-thuat-tre-2017\/ https:\/\/tuoitre.vn\/9-hoa-si-mien-trung-mang-gio-lao-vo-sai-gon-1309929.htm https:\/\/en.vietnamplus.vn\/hue-artist-wins-dogma-prize\/80121.vnp https:\/\/hanoigrapevine.com\/vi\/2015\/08\/exhibition-the-dogma-prize-in-self-portraiture-2015\/ http:\/\/www.dogmaprize.com\/previousdogmaprizes<\/p>\n","protected":false},"author":2,"featured_media":1342,"parent":0,"menu_order":0,"comment_status":"closed","ping_status":"closed","template":"","meta":{"inline_featured_image":false,"footnotes":""},"acf":[],"yoast_head":"<!-- This site is optimized with the Yoast SEO plugin v22.2 - https:\/\/yoast.com\/wordpress\/plugins\/seo\/ -->\n<title>Tin t\u1ee9c - vothanhthan.ment.vn<\/title>\n<meta name=\"robots\" content=\"index, follow, max-snippet:-1, max-image-preview:large, max-video-preview:-1\" \/>\n<link rel=\"canonical\" href=\"https:\/\/vothanhthan.com\/vi\/tin-tuc\/\" \/>\n<meta property=\"og:locale\" content=\"vi_VN\" \/>\n<meta property=\"og:type\" content=\"article\" \/>\n<meta property=\"og:title\" content=\"Tin t\u1ee9c - vothanhthan.ment.vn\" \/>\n<meta property=\"og:description\" content=\"Link: Tri\u1ec3n l\u00e3m M\u1ed9ng \u1ea2nh: D\u1ea5u \u1ea5n qu\u00e1 kh\u1ee9 trong k\u00fd \u1ee9c c\u1ee7a h\u1ecda s\u0129 V\u00f5 Th\u00e0nh Th\u00e2n https:\/\/quangsanartmuseum.com.vn\/su-kien-trien-lam\/trien-lam-mong-anh-3011-15122024 https:\/\/vietnamnet.vn\/hoa-si-ke-chuyen-bao-ton-di-san-van-hoa-hue-qua-tranh-2347297.html https:\/\/www.htv.com.vn\/khai-mac-trien-lam-nhiet-noi-hoi-tu-nhiet-huyet-tuoi-tre https:\/\/vnexpress.net\/loat-tranh-da-chat-lieu-tai-trien-lam-nhiet-4720161.html?gidzl=L3KmQY8zP3nMA35a9oDcEbCWCsKzVMOx62HcDpedDZmRVJ5hE79ZPajuOpayS6HlJ7WvD3P0EsHl9ZfaCG https:\/\/daibieunhandan.vn\/van-hoa\/trien-lam-nhiet-ra-mat-khong-gian-nghe-thuat-qs-i361858\/ https:\/\/tapchimythuat.vn\/thong-tin-su-kien\/cuoc-thi-va-trien-lam-my-thuat-viet-nam-2023\/ https:\/\/hanoimoi.vn\/trien-lam-my-thuat-viet-nam-nam-2023-tai-bao-tang-ha-noi-651198.html https:\/\/luxuo.vn\/culture\/hoa-si-vo-thanh-than-am-anh-khon-nguoi-trong-dong-giay-vo-nhau-nat.html https:\/\/vietnamnet.vn\/91-tac-pham-trung-bay-tai-festival-my-thuat-tre-2020-661708.html https:\/\/baotintuc.vn\/doi-song-van-hoa\/trao-giai-thuong-festival-my-thuat-tre-2020-20200728200334899.htm http:\/\/ape.gov.vn\/khai-mac-festival-my-thuat-tre-2020-d2282.th https:\/\/toquoc.vn\/ton-vinh-tai-nang-sang-tao-nghe-thuat-cua-cac-nghe-si-tre-99206804.htm https:\/\/dangcongsan.vn\/anh\/festival-my-thuat-tre-2017&#8211;tu-duy-sang-tao-goc-nhin-moi-462814.html http:\/\/sovhtt.hanoi.gov.vn\/khai-mac-festival-thuat-tre-2017\/ https:\/\/tuoitre.vn\/9-hoa-si-mien-trung-mang-gio-lao-vo-sai-gon-1309929.htm https:\/\/en.vietnamplus.vn\/hue-artist-wins-dogma-prize\/80121.vnp https:\/\/hanoigrapevine.com\/vi\/2015\/08\/exhibition-the-dogma-prize-in-self-portraiture-2015\/ http:\/\/www.dogmaprize.com\/previousdogmaprizes\" \/>\n<meta property=\"og:url\" content=\"https:\/\/vothanhthan.com\/vi\/tin-tuc\/\" \/>\n<meta property=\"og:site_name\" content=\"vothanhthan.ment.vn\" \/>\n<meta property=\"article:publisher\" content=\"https:\/\/www.facebook.com\/than.vo.31\" \/>\n<meta property=\"article:modified_time\" content=\"2026-03-24T03:03:40+00:00\" \/>\n<meta property=\"og:image\" content=\"https:\/\/vothanhthan.com\/wp-content\/uploads\/2022\/10\/thay.jpg\" \/>\n\t<meta property=\"og:image:width\" content=\"750\" \/>\n\t<meta property=\"og:image:height\" content=\"563\" \/>\n\t<meta property=\"og:image:type\" content=\"image\/jpeg\" \/>\n<meta name=\"twitter:card\" content=\"summary_large_image\" \/>\n<meta name=\"twitter:label1\" content=\"Est. reading time\" \/>\n\t<meta name=\"twitter:data1\" content=\"1 minute\" \/>\n<script type=\"application\/ld+json\" class=\"yoast-schema-graph\">{\"@context\":\"https:\/\/schema.org\",\"@graph\":[{\"@type\":\"WebPage\",\"@id\":\"https:\/\/vothanhthan.com\/vi\/tin-tuc\/\",\"url\":\"https:\/\/vothanhthan.com\/vi\/tin-tuc\/\",\"name\":\"Tin t\u1ee9c - vothanhthan.ment.vn\",\"isPartOf\":{\"@id\":\"https:\/\/vothanhthan.com\/#website\"},\"primaryImageOfPage\":{\"@id\":\"https:\/\/vothanhthan.com\/vi\/tin-tuc\/#primaryimage\"},\"image\":{\"@id\":\"https:\/\/vothanhthan.com\/vi\/tin-tuc\/#primaryimage\"},\"thumbnailUrl\":\"https:\/\/vothanhthan.com\/wp-content\/uploads\/2022\/10\/thay.jpg\",\"datePublished\":\"2022-10-14T07:29:20+00:00\",\"dateModified\":\"2026-03-24T03:03:40+00:00\",\"breadcrumb\":{\"@id\":\"https:\/\/vothanhthan.com\/vi\/tin-tuc\/#breadcrumb\"},\"inLanguage\":\"vi-VN\",\"potentialAction\":[{\"@type\":\"ReadAction\",\"target\":[\"https:\/\/vothanhthan.com\/vi\/tin-tuc\/\"]}]},{\"@type\":\"ImageObject\",\"inLanguage\":\"vi-VN\",\"@id\":\"https:\/\/vothanhthan.com\/vi\/tin-tuc\/#primaryimage\",\"url\":\"https:\/\/vothanhthan.com\/wp-content\/uploads\/2022\/10\/thay.jpg\",\"contentUrl\":\"https:\/\/vothanhthan.com\/wp-content\/uploads\/2022\/10\/thay.jpg\",\"width\":750,\"height\":563},{\"@type\":\"BreadcrumbList\",\"@id\":\"https:\/\/vothanhthan.com\/vi\/tin-tuc\/#breadcrumb\",\"itemListElement\":[{\"@type\":\"ListItem\",\"position\":1,\"name\":\"Home\",\"item\":\"https:\/\/vothanhthan.com\/vi\/home\/\"},{\"@type\":\"ListItem\",\"position\":2,\"name\":\"Tin t\u1ee9c\"}]},{\"@type\":\"WebSite\",\"@id\":\"https:\/\/vothanhthan.com\/#website\",\"url\":\"https:\/\/vothanhthan.com\/\",\"name\":\"vothanhthan.com\",\"description\":\"\",\"publisher\":{\"@id\":\"https:\/\/vothanhthan.com\/#organization\"},\"potentialAction\":[{\"@type\":\"SearchAction\",\"target\":{\"@type\":\"EntryPoint\",\"urlTemplate\":\"https:\/\/vothanhthan.com\/?s={search_term_string}\"},\"query-input\":\"required name=search_term_string\"}],\"inLanguage\":\"vi-VN\"},{\"@type\":\"Organization\",\"@id\":\"https:\/\/vothanhthan.com\/#organization\",\"name\":\"vothanhthan.com\",\"url\":\"https:\/\/vothanhthan.com\/\",\"logo\":{\"@type\":\"ImageObject\",\"inLanguage\":\"vi-VN\",\"@id\":\"https:\/\/vothanhthan.com\/#\/schema\/logo\/image\/\",\"url\":\"https:\/\/vothanhthan.com\/wp-content\/uploads\/2022\/10\/Untitled-1-4.png\",\"contentUrl\":\"https:\/\/vothanhthan.com\/wp-content\/uploads\/2022\/10\/Untitled-1-4.png\",\"width\":1000,\"height\":223,\"caption\":\"vothanhthan.com\"},\"image\":{\"@id\":\"https:\/\/vothanhthan.com\/#\/schema\/logo\/image\/\"},\"sameAs\":[\"https:\/\/www.facebook.com\/than.vo.31\",\"https:\/\/www.youtube.com\/channel\/UCXi_10S4XrW5Wy0mUpNWPCw\",\"https:\/\/www.instagram.com\/thanhthan394\/\",\"https:\/\/www.pinterest.com\/thanvoartist\/\"]}]}<\/script>\n<!-- \/ Yoast SEO plugin. -->","yoast_head_json":{"title":"Tin t\u1ee9c - vothanhthan.ment.vn","robots":{"index":"index","follow":"follow","max-snippet":"max-snippet:-1","max-image-preview":"max-image-preview:large","max-video-preview":"max-video-preview:-1"},"canonical":"https:\/\/vothanhthan.com\/vi\/tin-tuc\/","og_locale":"vi_VN","og_type":"article","og_title":"Tin t\u1ee9c - vothanhthan.ment.vn","og_description":"Link: Tri\u1ec3n l\u00e3m M\u1ed9ng \u1ea2nh: D\u1ea5u \u1ea5n qu\u00e1 kh\u1ee9 trong k\u00fd \u1ee9c c\u1ee7a h\u1ecda s\u0129 V\u00f5 Th\u00e0nh Th\u00e2n https:\/\/quangsanartmuseum.com.vn\/su-kien-trien-lam\/trien-lam-mong-anh-3011-15122024 https:\/\/vietnamnet.vn\/hoa-si-ke-chuyen-bao-ton-di-san-van-hoa-hue-qua-tranh-2347297.html https:\/\/www.htv.com.vn\/khai-mac-trien-lam-nhiet-noi-hoi-tu-nhiet-huyet-tuoi-tre https:\/\/vnexpress.net\/loat-tranh-da-chat-lieu-tai-trien-lam-nhiet-4720161.html?gidzl=L3KmQY8zP3nMA35a9oDcEbCWCsKzVMOx62HcDpedDZmRVJ5hE79ZPajuOpayS6HlJ7WvD3P0EsHl9ZfaCG https:\/\/daibieunhandan.vn\/van-hoa\/trien-lam-nhiet-ra-mat-khong-gian-nghe-thuat-qs-i361858\/ https:\/\/tapchimythuat.vn\/thong-tin-su-kien\/cuoc-thi-va-trien-lam-my-thuat-viet-nam-2023\/ https:\/\/hanoimoi.vn\/trien-lam-my-thuat-viet-nam-nam-2023-tai-bao-tang-ha-noi-651198.html https:\/\/luxuo.vn\/culture\/hoa-si-vo-thanh-than-am-anh-khon-nguoi-trong-dong-giay-vo-nhau-nat.html https:\/\/vietnamnet.vn\/91-tac-pham-trung-bay-tai-festival-my-thuat-tre-2020-661708.html https:\/\/baotintuc.vn\/doi-song-van-hoa\/trao-giai-thuong-festival-my-thuat-tre-2020-20200728200334899.htm http:\/\/ape.gov.vn\/khai-mac-festival-my-thuat-tre-2020-d2282.th https:\/\/toquoc.vn\/ton-vinh-tai-nang-sang-tao-nghe-thuat-cua-cac-nghe-si-tre-99206804.htm https:\/\/dangcongsan.vn\/anh\/festival-my-thuat-tre-2017&#8211;tu-duy-sang-tao-goc-nhin-moi-462814.html http:\/\/sovhtt.hanoi.gov.vn\/khai-mac-festival-thuat-tre-2017\/ https:\/\/tuoitre.vn\/9-hoa-si-mien-trung-mang-gio-lao-vo-sai-gon-1309929.htm https:\/\/en.vietnamplus.vn\/hue-artist-wins-dogma-prize\/80121.vnp https:\/\/hanoigrapevine.com\/vi\/2015\/08\/exhibition-the-dogma-prize-in-self-portraiture-2015\/ http:\/\/www.dogmaprize.com\/previousdogmaprizes","og_url":"https:\/\/vothanhthan.com\/vi\/tin-tuc\/","og_site_name":"vothanhthan.ment.vn","article_publisher":"https:\/\/www.facebook.com\/than.vo.31","article_modified_time":"2026-03-24T03:03:40+00:00","og_image":[{"width":750,"height":563,"url":"https:\/\/vothanhthan.com\/wp-content\/uploads\/2022\/10\/thay.jpg","type":"image\/jpeg"}],"twitter_card":"summary_large_image","twitter_misc":{"Est. reading time":"1 minute"},"schema":{"@context":"https:\/\/schema.org","@graph":[{"@type":"WebPage","@id":"https:\/\/vothanhthan.com\/vi\/tin-tuc\/","url":"https:\/\/vothanhthan.com\/vi\/tin-tuc\/","name":"Tin t\u1ee9c - vothanhthan.ment.vn","isPartOf":{"@id":"https:\/\/vothanhthan.com\/#website"},"primaryImageOfPage":{"@id":"https:\/\/vothanhthan.com\/vi\/tin-tuc\/#primaryimage"},"image":{"@id":"https:\/\/vothanhthan.com\/vi\/tin-tuc\/#primaryimage"},"thumbnailUrl":"https:\/\/vothanhthan.com\/wp-content\/uploads\/2022\/10\/thay.jpg","datePublished":"2022-10-14T07:29:20+00:00","dateModified":"2026-03-24T03:03:40+00:00","breadcrumb":{"@id":"https:\/\/vothanhthan.com\/vi\/tin-tuc\/#breadcrumb"},"inLanguage":"vi-VN","potentialAction":[{"@type":"ReadAction","target":["https:\/\/vothanhthan.com\/vi\/tin-tuc\/"]}]},{"@type":"ImageObject","inLanguage":"vi-VN","@id":"https:\/\/vothanhthan.com\/vi\/tin-tuc\/#primaryimage","url":"https:\/\/vothanhthan.com\/wp-content\/uploads\/2022\/10\/thay.jpg","contentUrl":"https:\/\/vothanhthan.com\/wp-content\/uploads\/2022\/10\/thay.jpg","width":750,"height":563},{"@type":"BreadcrumbList","@id":"https:\/\/vothanhthan.com\/vi\/tin-tuc\/#breadcrumb","itemListElement":[{"@type":"ListItem","position":1,"name":"Home","item":"https:\/\/vothanhthan.com\/vi\/home\/"},{"@type":"ListItem","position":2,"name":"Tin t\u1ee9c"}]},{"@type":"WebSite","@id":"https:\/\/vothanhthan.com\/#website","url":"https:\/\/vothanhthan.com\/","name":"vothanhthan.com","description":"","publisher":{"@id":"https:\/\/vothanhthan.com\/#organization"},"potentialAction":[{"@type":"SearchAction","target":{"@type":"EntryPoint","urlTemplate":"https:\/\/vothanhthan.com\/?s={search_term_string}"},"query-input":"required name=search_term_string"}],"inLanguage":"vi-VN"},{"@type":"Organization","@id":"https:\/\/vothanhthan.com\/#organization","name":"vothanhthan.com","url":"https:\/\/vothanhthan.com\/","logo":{"@type":"ImageObject","inLanguage":"vi-VN","@id":"https:\/\/vothanhthan.com\/#\/schema\/logo\/image\/","url":"https:\/\/vothanhthan.com\/wp-content\/uploads\/2022\/10\/Untitled-1-4.png","contentUrl":"https:\/\/vothanhthan.com\/wp-content\/uploads\/2022\/10\/Untitled-1-4.png","width":1000,"height":223,"caption":"vothanhthan.com"},"image":{"@id":"https:\/\/vothanhthan.com\/#\/schema\/logo\/image\/"},"sameAs":["https:\/\/www.facebook.com\/than.vo.31","https:\/\/www.youtube.com\/channel\/UCXi_10S4XrW5Wy0mUpNWPCw","https:\/\/www.instagram.com\/thanhthan394\/","https:\/\/www.pinterest.com\/thanvoartist\/"]}]}},"_links":{"self":[{"href":"https:\/\/vothanhthan.com\/vi\/wp-json\/wp\/v2\/pages\/1335"}],"collection":[{"href":"https:\/\/vothanhthan.com\/vi\/wp-json\/wp\/v2\/pages"}],"about":[{"href":"https:\/\/vothanhthan.com\/vi\/wp-json\/wp\/v2\/types\/page"}],"author":[{"embeddable":true,"href":"https:\/\/vothanhthan.com\/vi\/wp-json\/wp\/v2\/users\/2"}],"replies":[{"embeddable":true,"href":"https:\/\/vothanhthan.com\/vi\/wp-json\/wp\/v2\/comments?post=1335"}],"version-history":[{"count":7,"href":"https:\/\/vothanhthan.com\/vi\/wp-json\/wp\/v2\/pages\/1335\/revisions"}],"predecessor-version":[{"id":1660,"href":"https:\/\/vothanhthan.com\/vi\/wp-json\/wp\/v2\/pages\/1335\/revisions\/1660"}],"wp:featuredmedia":[{"embeddable":true,"href":"https:\/\/vothanhthan.com\/vi\/wp-json\/wp\/v2\/media\/1342"}],"wp:attachment":[{"href":"https:\/\/vothanhthan.com\/vi\/wp-json\/wp\/v2\/media?parent=1335"}],"curies":[{"name":"wp","href":"https:\/\/api.w.org\/{rel}","templated":true}]}}